{"id":15,"date":"2022-05-20T03:24:23","date_gmt":"2022-05-20T07:24:23","guid":{"rendered":"https:\/\/alphakeratine.com\/?page_id=15"},"modified":"2022-09-19T15:11:32","modified_gmt":"2022-09-19T19:11:32","slug":"termes-et-conditions","status":"publish","type":"page","link":"https:\/\/alphakeratine.com\/fr\/termes-et-conditions\/","title":{"rendered":"Termes et conditions"},"content":{"rendered":"\t\t<div data-elementor-type=\"wp-page\" data-elementor-id=\"15\" class=\"elementor elementor-15\" data-elementor-post-type=\"page\">\n\t\t\t\t\t\t<section class=\"elementor-section elementor-top-section elementor-element elementor-element-6bc02e0 elementor-section-full_width mkdf-content-aligment-center elementor-section-height-default elementor-section-height-default mkdf-parallax-row-no mkdf-row-grid-no mkdf-disabled-bg-image-bellow-no\" data-id=\"6bc02e0\" data-element_type=\"section\" data-e-type=\"section\">\n\t\t\t\t\t\t<div class=\"elementor-container elementor-column-gap-default\">\n\t\t\t\t\t<div class=\"elementor-column elementor-col-33 elementor-top-column elementor-element elementor-element-52f39d3\" data-id=\"52f39d3\" data-element_type=\"column\" data-e-type=\"column\">\n\t\t\t<div class=\"elementor-widget-wrap\">\n\t\t\t\t\t\t\t<\/div>\n\t\t<\/div>\n\t\t\t\t<div class=\"elementor-column elementor-col-33 elementor-top-column elementor-element elementor-element-ff6cc97\" data-id=\"ff6cc97\" data-element_type=\"column\" data-e-type=\"column\">\n\t\t\t<div class=\"elementor-widget-wrap elementor-element-populated\">\n\t\t\t\t\t\t<div class=\"elementor-element elementor-element-0882834 elementor-widget elementor-widget-mkdf_section_title\" data-id=\"0882834\" data-element_type=\"widget\" data-e-type=\"widget\" data-widget_type=\"mkdf_section_title.default\">\n\t\t\t\t<div class=\"elementor-widget-container\">\n\t\t\t\t\t<div class=\"mkdf-section-title-holder  mkdf-st-top-tagline-position   \" >\n\t<div class=\"mkdf-st-inner\">\n\t\t\t\t\t\t\t<span class=\"mkdf-st-tagline\" style=\"color: #E5E5E5\">\n\t\t\t\tAlpha Keratin\t\t\t<\/span>\n\t\t\t\t\t\t\t<h2 class=\"mkdf-st-title\" >\n\t\t\t\tTermes et conditions\t\t\t<\/h2>\n\t\t\t\t\t\t\t\t\t\t\t\t\t<\/div>\n<\/div>\t\t\t\t<\/div>\n\t\t\t\t<\/div>\n\t\t\t\t\t<\/div>\n\t\t<\/div>\n\t\t\t\t<div class=\"elementor-column elementor-col-33 elementor-top-column elementor-element elementor-element-4da7744\" data-id=\"4da7744\" data-element_type=\"column\" data-e-type=\"column\">\n\t\t\t<div class=\"elementor-widget-wrap\">\n\t\t\t\t\t\t\t<\/div>\n\t\t<\/div>\n\t\t\t\t\t<\/div>\n\t\t<\/section>\n\t\t\t\t<section class=\"elementor-section elementor-top-section elementor-element elementor-element-20e1c2af elementor-section-boxed elementor-section-height-default elementor-section-height-default mkdf-parallax-row-no mkdf-content-aligment-left mkdf-row-grid-no mkdf-disabled-bg-image-bellow-no\" data-id=\"20e1c2af\" data-element_type=\"section\" data-e-type=\"section\">\n\t\t\t\t\t\t<div class=\"elementor-container elementor-column-gap-default\">\n\t\t\t\t\t<div class=\"elementor-column elementor-col-100 elementor-top-column elementor-element elementor-element-14c9cd3c\" data-id=\"14c9cd3c\" data-element_type=\"column\" data-e-type=\"column\">\n\t\t\t<div class=\"elementor-widget-wrap elementor-element-populated\">\n\t\t\t\t\t\t<div class=\"elementor-element elementor-element-3dd8d1d6 elementor-widget elementor-widget-text-editor\" data-id=\"3dd8d1d6\" data-element_type=\"widget\" data-e-type=\"widget\" data-widget_type=\"text-editor.default\">\n\t\t\t\t<div class=\"elementor-widget-container\">\n\t\t\t\t\t\t\t\t\t<p>Bienvenue \u00e0 notre site de vente en ligne <a href=\"https:\/\/alphakeratine.com\">alphakeratine.com<\/a>.<\/p><p>Veuillez lire attentivement cette convention, qui s\u2019appliquera \u00e0 l\u2019utilisation du site, ainsi qu\u2019\u00e0 l\u2019achat de tous les produits qui y vous seront vendus. En utilisant notre site de vente en ligne, vous attestez que vous avez examin\u00e9 et que vous comprenez les conditions pr\u00e9vues aux pr\u00e9sentes, et que vous acceptez, sans restriction ni condition, d\u2019\u00eatre li\u00e9 par celles-ci.<\/p><p>Puisque les modalit\u00e9s de cette convention peuvent \u00eatre modifi\u00e9es, \u00e0 la discr\u00e9tion exclusive de notre soci\u00e9t\u00e9, sans que vous en soyez avis\u00e9, nous vous conseillons de visiter ce contrat d\u2019utilisation de temps \u00e0 autre, afin de vous tenir au courant des changements.<\/p><p>Pr\u00eatez attention \u00e0 ces conditions d&#8217;utilisation avant d&#8217;acc\u00e9der \u00e0 notre site web ou de l&#8217;utiliser. En acc\u00e9dant ou en utilisant toute partie du site, vous acceptez d&#8217;\u00eatre li\u00e9 par les pr\u00e9sentes conditions d&#8217;utilisation. Si vous n&#8217;acceptez pas l&#8217;ensemble des conditions d&#8217;utilisation, vous ne pouvez pas acc\u00e9der au site ou acheter nos produits. Si ces conditions d&#8217;utilisation sont consid\u00e9r\u00e9es comme une offre, l&#8217;acceptation est express\u00e9ment limit\u00e9e \u00e0 ces conditions d&#8217;utilisation.<\/p>\t\t\t\t\t\t\t\t<\/div>\n\t\t\t\t<\/div>\n\t\t\t\t<div class=\"elementor-element elementor-element-9e8072f elementor-widget elementor-widget-text-editor\" data-id=\"9e8072f\" data-element_type=\"widget\" data-e-type=\"widget\" data-widget_type=\"text-editor.default\">\n\t\t\t\t<div class=\"elementor-widget-container\">\n\t\t\t\t\t\t\t\t\t<h3><span dir=\"ltr\" role=\"presentation\">L&#8217;exactitude, l&#8217;exhaustivit\u00e9 et l&#8217;actualit\u00e9 des informations<\/span><\/h3><p>Ce site peut contenir des informations ant\u00e9rieures. Les informations ant\u00e9rieures ne sont pas n\u00e9cessairement actuelles et sont fournies \u00e0 titre d&#8217;information uniquement. Nous nous r\u00e9servons le droit de modifier le contenu de ce site \u00e0 tout moment, mais nous n&#8217;avons aucune obligation de mettre \u00e0 jour les informations figurant sur notre site. Vous acceptez qu&#8217;il soit de votre responsabilit\u00e9 de suivre l&#8217;\u00e9volution de notre site web.<\/p><h3>Modifications des produits, des prix, des devises et des paiements<\/h3><p><span dir=\"ltr\" role=\"presentation\">Les prix de nos produits sont susceptibles d&#8217;\u00eatre modi<\/span><span class=\"markedContent\"><span dir=\"ltr\" role=\"presentation\">fi<\/span><\/span><span dir=\"ltr\" role=\"presentation\">\u00e9s sans pr\u00e9avis.<\/span><\/p><h3><span class=\"VIiyi\" lang=\"fr\"><span class=\"JLqJ4b ChMk0b\" data-language-for-alternatives=\"fr\" data-language-to-translate-into=\"en\" data-phrase-index=\"0\" data-number-of-phrases=\"7\"><span class=\"Q4iAWc\">Tarification<\/span><\/span><\/span><\/h3><p>Modes de paiement accept\u00e9s: Visa, Mastercard ou transfert bancaire<br \/>Veuillez prendre note qu\u2019aucun ch\u00e8que ne sera accept\u00e9.<\/p><p>Nous nous r\u00e9servons le droit de modifier ou d&#8217;interrompre la vente de nos produits (ou toute partie ou contenu de celui-ci) \u00e0 tout moment et sans pr\u00e9avis. Nous ne serons pas tenus responsables envers vous ou tout autre tiers pour toute modification, changement de prix, suspension ou interruption de la vente des produits.<\/p><p>Tous les prix annonc\u00e9s sur le site Web n&#8217;incluent pas la taxe de vente, l&#8217;utilisation, les biens et services \/ les taxes harmonis\u00e9es et autres taxes. Ces frais impos\u00e9s ou per\u00e7us par le vendeur sont ajout\u00e9s au prix annonc\u00e9, tel qu&#8217;indiqu\u00e9 dans la confirmation de commande et doivent \u00eatre pay\u00e9s par l&#8217;acheteur.<\/p><p>Tous les prix sont exprim\u00e9s en dollars canadiens.<\/p><h3>Produits et services<\/h3><p>Certains produits et services peuvent n&#8217;\u00eatre disponibles qu&#8217;en ligne sur le site web. Ces produits ou services peuvent avoir des quantit\u00e9s limit\u00e9es et peuvent \u00eatre retourn\u00e9s ou \u00e9chang\u00e9s, uniquement en fonction de notre politique de retour.<\/p><p>Nous nous sommes efforc\u00e9s d&#8217;afficher aussi pr\u00e9cis\u00e9ment que possible les couleurs et les images de nos produits qui apparaissent dans le magasin. Nous ne pouvons pas garantir que l&#8217;affichage de l&#8217;\u00e9cran de votre ordinateur, quelle que soit la couleur, sera exact.<\/p><p>Nous nous r\u00e9servons le droit, mais n&#8217;avons aucune obligation, de limiter la vente de nos produits ou services \u00e0 toute personne, zone g\u00e9ographique ou juridiction. Nous pouvons exercer ce droit au cas par cas. Nous nous r\u00e9servons le droit de limiter les quantit\u00e9s de tous les produits ou services que nous offrons. Toutes les descriptions de produits ou les prix des produits peuvent \u00eatre modifi\u00e9s \u00e0 tout moment et sans pr\u00e9avis, \u00e0 la seule discr\u00e9tion de notre soci\u00e9t\u00e9. Nous nous r\u00e9servons le droit de retirer tout produit \u00e0 tout moment.<\/p><h3>Livraison<\/h3><p>Les produits seront livr\u00e9s \u00e0 l&#8217;adresse indiqu\u00e9e par l&#8217;acheteur dans le formulaire d&#8217;information qu&#8217;il a rempli lors du paiement. En cas de changement d&#8217;adresse, il appartient \u00e0 l&#8217;Acheteur de proc\u00e9der au changement de l&#8217;adresse de livraison. Notre soci\u00e9t\u00e9 ne peut \u00eatre tenue pour responsable des retards de livraison et des cons\u00e9quences qui peuvent en d\u00e9couler. Si le colis est retourn\u00e9 \u00e0 notre si\u00e8ge social, une seconde livraison sera effectu\u00e9e aux frais de l&#8217;Acheteur. Livraison dans le monde entier dans un d\u00e9lai de 7 \u00e0 15 jours (via les compagnies de livraison offertes lors de votre achat).<\/p><p>Nous livrons \u00e0 l&#8217;international. Les frais de livraison varient d&#8217;un pays \u00e0 l&#8217;autre. Vous pourrez conna\u00eetre les frais de livraison de votre colis au moment de conclure votre achat sur notre boutique en ligne. Nous ne sommes pas responsables des frais suppl\u00e9mentaires li\u00e9s au d\u00e9douanement dans votre pays. Nous ne sommes pas responsables de la r\u00e9tention de votre colis \u00e0 la douane de votre pays. Renseignez-vous sur les lois de votre pays relatives aux frais de d\u00e9douanement des produits cosm\u00e9tiques en provenance de l&#8217;\u00e9tranger, en l&#8217;occurrence du Canada.<\/p><p>Les frais d&#8217;exp\u00e9dition sont calcul\u00e9s automatiquement \u00e0 la caisse, apr\u00e8s l&#8217;entr\u00e9e dans votre pays.<\/p><p>Tous les colis sont livr\u00e9s par Postes Canada au Canada. Comptez 7 \u00e0 15 jours ouvrables pour recevoir votre commande \u00e0 l&#8217;adresse que vous avez fournie en tant qu&#8217;acheteur.<\/p><p>Dans le cas peu probable o\u00f9 vous n&#8217;auriez pas re\u00e7u votre commande dans les 15 jours ouvrables, veuillez nous contacter \u00e0 l&#8217;adresse <a href=\"mailto:sa***@***********ne.com\" data-original-string=\"21xjPLGaTs+hZlONdhq87Q==d554BcIyDcZ26fAUPcpc9TcegWYPLO0UN+lZLRzQTPNCQg=\" title=\"This contact has been encoded by Anti-Spam by CleanTalk. Click to decode. To finish the decoding make sure that JavaScript is enabled in your browser.\"><span \n                data-original-string='+SNFxAd4DIq6iEA\/4ZSbPg==d552KNKla8s\/acduPnmYH3ffjJ8S6c0w0EeUDxmTB8zGWw='\n                class='apbct-email-encoder'\n                title='This contact has been encoded by Anti-Spam by CleanTalk. Click to decode. To finish the decoding make sure that JavaScript is enabled in your browser.'>sa<span class=\"apbct-blur\">***<\/span>@<span class=\"apbct-blur\">***********<\/span>ne.com<\/span><\/a>. Nous vous remercions par avance de votre compr\u00e9hension.<\/p><h3><span dir=\"ltr\" role=\"presentation\">Exactitude de la facturation<\/span><\/h3><p>Nous nous r\u00e9servons le droit de refuser toute commande que vous nous passez. Nous pouvons, \u00e0 notre seule discr\u00e9tion, limiter ou annuler les quantit\u00e9s achet\u00e9es par personne, par m\u00e9nage ou par commande. Ces restrictions peuvent inclure des commandes pass\u00e9es avec la m\u00eame carte de cr\u00e9dit et\/ou des commandes utilisant la m\u00eame adresse de facturation et\/ou de livraison. En cas de modification ou d&#8217;annulation d&#8217;une commande, nous pouvons tenter de vous en informer en contactant l&#8217;adresse \u00e9lectronique et\/ou l&#8217;adresse de facturation fournies au moment de l&#8217;achat.<\/p><p>Vous acceptez de fournir les informations correctes pour tous les achats effectu\u00e9s dans notre boutique. Vous acceptez de mettre \u00e0 jour rapidement votre compte et d&#8217;autres informations, y compris votre adresse \u00e9lectronique et les num\u00e9ros et dates d&#8217;expiration de vos cartes de cr\u00e9dit, afin que nous puissions terminer votre transaction et vous contacter si n\u00e9cessaire.<\/p><h3><span dir=\"ltr\" role=\"presentation\">Erreurs, inexactitudes ou omissions<\/span><\/h3><p>Il peut parfois y avoir des informations sur notre site ou des erreurs typographiques, des inexactitudes ou des omissions peuvent concerner les descriptions de produits, les prix, les promotions, les offres, le produit d&#8217;exp\u00e9dition, le temps de transit et la disponibilit\u00e9. Nous nous r\u00e9servons le droit de corriger toute erreur, inexactitude ou omission et de modifier ou de mettre \u00e0 jour les informations ou d&#8217;annuler les commandes si une information dans le service, le produit ou sur un site web connexe est inexacte, \u00e0 tout moment et sans pr\u00e9avis (y compris apr\u00e8s que vous ayez soumis votre commande).<\/p>\t\t\t\t\t\t\t\t<\/div>\n\t\t\t\t<\/div>\n\t\t\t\t\t<\/div>\n\t\t<\/div>\n\t\t\t\t\t<\/div>\n\t\t<\/section>\n\t\t\t\t<\/div>\n\t\t","protected":false},"excerpt":{"rendered":"<p>Alpha Keratin Termes et conditions Bienvenue \u00e0 notre site de vente en ligne alphakeratine.com. Veuillez lire attentivement cette convention, qui s\u2019appliquera \u00e0 l\u2019utilisation du site, ainsi qu\u2019\u00e0 l\u2019achat de tous les produits qui y vous seront vendus. En utilisant notre [&hellip;]<\/p>\n","protected":false},"author":1,"featured_media":0,"parent":0,"menu_order":0,"comment_status":"closed","ping_status":"closed","template":"","meta":{"footnotes":""},"class_list":["post-15","page","type-page","status-publish","hentry"],"_links":{"self":[{"href":"https:\/\/alphakeratine.com\/fr\/wp-json\/wp\/v2\/pages\/15","targetHints":{"allow":["GET"]}}],"collection":[{"href":"https:\/\/alphakeratine.com\/fr\/wp-json\/wp\/v2\/pages"}],"about":[{"href":"https:\/\/alphakeratine.com\/fr\/wp-json\/wp\/v2\/types\/page"}],"author":[{"embeddable":true,"href":"https:\/\/alphakeratine.com\/fr\/wp-json\/wp\/v2\/users\/1"}],"replies":[{"embeddable":true,"href":"https:\/\/alphakeratine.com\/fr\/wp-json\/wp\/v2\/comments?post=15"}],"version-history":[{"count":0,"href":"https:\/\/alphakeratine.com\/fr\/wp-json\/wp\/v2\/pages\/15\/revisions"}],"wp:attachment":[{"href":"https:\/\/alphakeratine.com\/fr\/wp-json\/wp\/v2\/media?parent=15"}],"curies":[{"name":"wp","href":"https:\/\/api.w.org\/{rel}","templated":true}]}}