{"id":6987,"date":"2022-07-27T21:32:50","date_gmt":"2022-07-28T01:32:50","guid":{"rendered":"https:\/\/alphakeratine.com\/?page_id=6987"},"modified":"2022-09-19T15:12:50","modified_gmt":"2022-09-19T19:12:50","slug":"livraison-et-retour","status":"publish","type":"page","link":"https:\/\/alphakeratine.com\/fr\/livraison-et-retour\/","title":{"rendered":"Livraison et retour"},"content":{"rendered":"\t\t<div data-elementor-type=\"wp-page\" data-elementor-id=\"6987\" class=\"elementor elementor-6987\" data-elementor-post-type=\"page\">\n\t\t\t\t\t\t<section class=\"elementor-section elementor-top-section elementor-element elementor-element-8027a68 elementor-section-full_width mkdf-content-aligment-center elementor-section-height-default elementor-section-height-default mkdf-parallax-row-no mkdf-row-grid-no mkdf-disabled-bg-image-bellow-no\" data-id=\"8027a68\" data-element_type=\"section\" data-e-type=\"section\">\n\t\t\t\t\t\t<div class=\"elementor-container elementor-column-gap-default\">\n\t\t\t\t\t<div class=\"elementor-column elementor-col-33 elementor-top-column elementor-element elementor-element-4f36d36\" data-id=\"4f36d36\" data-element_type=\"column\" data-e-type=\"column\">\n\t\t\t<div class=\"elementor-widget-wrap\">\n\t\t\t\t\t\t\t<\/div>\n\t\t<\/div>\n\t\t\t\t<div class=\"elementor-column elementor-col-33 elementor-top-column elementor-element elementor-element-0df7ab1\" data-id=\"0df7ab1\" data-element_type=\"column\" data-e-type=\"column\">\n\t\t\t<div class=\"elementor-widget-wrap elementor-element-populated\">\n\t\t\t\t\t\t<div class=\"elementor-element elementor-element-0636111 elementor-widget elementor-widget-mkdf_section_title\" data-id=\"0636111\" data-element_type=\"widget\" data-e-type=\"widget\" data-widget_type=\"mkdf_section_title.default\">\n\t\t\t\t<div class=\"elementor-widget-container\">\n\t\t\t\t\t<div class=\"mkdf-section-title-holder  mkdf-st-top-tagline-position   \" >\n\t<div class=\"mkdf-st-inner\">\n\t\t\t\t\t\t\t<span class=\"mkdf-st-tagline\" style=\"color: #E5E5E5\">\n\t\t\t\tAlpha Keratin\t\t\t<\/span>\n\t\t\t\t\t\t\t<h2 class=\"mkdf-st-title\" >\n\t\t\t\tLivraison et retour\t\t\t<\/h2>\n\t\t\t\t\t\t\t\t\t\t\t\t\t<\/div>\n<\/div>\t\t\t\t<\/div>\n\t\t\t\t<\/div>\n\t\t\t\t\t<\/div>\n\t\t<\/div>\n\t\t\t\t<div class=\"elementor-column elementor-col-33 elementor-top-column elementor-element elementor-element-60793d8\" data-id=\"60793d8\" data-element_type=\"column\" data-e-type=\"column\">\n\t\t\t<div class=\"elementor-widget-wrap\">\n\t\t\t\t\t\t\t<\/div>\n\t\t<\/div>\n\t\t\t\t\t<\/div>\n\t\t<\/section>\n\t\t\t\t<section class=\"elementor-section elementor-top-section elementor-element elementor-element-44938b53 elementor-section-boxed elementor-section-height-default elementor-section-height-default mkdf-parallax-row-no mkdf-content-aligment-left mkdf-row-grid-no mkdf-disabled-bg-image-bellow-no\" data-id=\"44938b53\" data-element_type=\"section\" data-e-type=\"section\">\n\t\t\t\t\t\t<div class=\"elementor-container elementor-column-gap-default\">\n\t\t\t\t\t<div class=\"elementor-column elementor-col-100 elementor-top-column elementor-element elementor-element-2623f5ca\" data-id=\"2623f5ca\" data-element_type=\"column\" data-e-type=\"column\">\n\t\t\t<div class=\"elementor-widget-wrap elementor-element-populated\">\n\t\t\t\t\t\t<div class=\"elementor-element elementor-element-2490426 elementor-widget elementor-widget-text-editor\" data-id=\"2490426\" data-element_type=\"widget\" data-e-type=\"widget\" data-widget_type=\"text-editor.default\">\n\t\t\t\t<div class=\"elementor-widget-container\">\n\t\t\t\t\t\t\t\t\t<p>Les produits seront livr\u00e9s \u00e0 l&#8217;adresse indiqu\u00e9e par l&#8217;acheteur dans le formulaire d&#8217;information qu&#8217;il a rempli lors du paiement. En cas de changement d&#8217;adresse, il appartient \u00e0 l&#8217;Acheteur de proc\u00e9der au changement de l&#8217;adresse de livraison. Notre soci\u00e9t\u00e9 ne peut \u00eatre tenue pour responsable des retards de livraison et des cons\u00e9quences qui peuvent en d\u00e9couler. Si le colis est retourn\u00e9 \u00e0 notre si\u00e8ge social, une seconde livraison sera effectu\u00e9e aux frais de l&#8217;Acheteur. Livraison dans le monde entier dans un d\u00e9lai de 7 \u00e0 15 jours (via les compagnies de livraison offertes lors de votre achat).<\/p><p>Nous livrons \u00e0 l&#8217;international. Les frais de livraison varient d&#8217;un pays \u00e0 l&#8217;autre. Vous pourrez conna\u00eetre les frais de livraison de votre colis au moment de conclure votre achat sur notre boutique en ligne. Nous ne sommes pas responsables des frais suppl\u00e9mentaires li\u00e9s au d\u00e9douanement dans votre pays. Nous ne sommes pas responsables de la r\u00e9tention de votre colis \u00e0 la douane de votre pays. Renseignez-vous sur les lois de votre pays relatives aux frais de d\u00e9douanement des produits cosm\u00e9tiques en provenance de l&#8217;\u00e9tranger, en l&#8217;occurrence du Canada.<\/p><p>Les frais d&#8217;exp\u00e9dition sont calcul\u00e9s automatiquement \u00e0 la caisse, apr\u00e8s l&#8217;entr\u00e9e dans votre pays.<\/p><p>Tous les colis sont livr\u00e9s par Postes Canada au Canada. Comptez 7 \u00e0 15 jours ouvrables pour recevoir votre commande \u00e0 l&#8217;adresse que vous avez fournie en tant qu&#8217;acheteur.<\/p><p>Dans le cas peu probable o\u00f9 vous n&#8217;auriez pas re\u00e7u votre commande dans les 15 jours ouvrables, veuillez nous contacter \u00e0 l&#8217;adresse <a href=\"mailto:sa***@***********ne.com\" data-original-string=\"zCmlLtW1JtX0BPRGiM0f4Q==d55ht0j811Kjz+MOF5DHKtp+\/QEOQGXlIYJ59yySQJeW7o=\" title=\"This contact has been encoded by Anti-Spam by CleanTalk. Click to decode. To finish the decoding make sure that JavaScript is enabled in your browser.\"><span \n                data-original-string='k8aftdfoyNJZnCMpx9zjiw==d55GmBb4afYwUkCIB1kvtzfoMbzdGOGuvKpdrWYIJzA9ww='\n                class='apbct-email-encoder'\n                title='This contact has been encoded by Anti-Spam by CleanTalk. Click to decode. To finish the decoding make sure that JavaScript is enabled in your browser.'>sa<span class=\"apbct-blur\">***<\/span>@<span class=\"apbct-blur\">***********<\/span>ne.com<\/span><\/a>. Nous vous remercions par avance de votre compr\u00e9hension.<\/p>\t\t\t\t\t\t\t\t<\/div>\n\t\t\t\t<\/div>\n\t\t\t\t<div class=\"elementor-element elementor-element-1753e784 elementor-widget elementor-widget-text-editor\" data-id=\"1753e784\" data-element_type=\"widget\" data-e-type=\"widget\" data-widget_type=\"text-editor.default\">\n\t\t\t\t<div class=\"elementor-widget-container\">\n\t\t\t\t\t\t\t\t\t<h3>Retour d&#8217;exp\u00e9dition<\/h3><p>Notre soci\u00e9t\u00e9 n&#8217;est pas responsable des colis perdus, endommag\u00e9s et\/ou des erreurs de livraisons. Les clients sont tenus de v\u00e9rifier leur adresse de livraison au moment de compl\u00e9ter leur commande.<\/p><p>Pour tout colis nous ayant \u00e9t\u00e9 retourn\u00e9 en raison d&#8217;une erreur dans la livraison qui provient du client (oubli d&#8217;inscrire le num\u00e9ro d&#8217;appartement ou erreur d&#8217;adresse, par exemple), des frais de livraison pour le renvoi seront exig\u00e9s au client.<\/p><p>Vous serez responsable de payer vos propres frais d\u2019exp\u00e9dition pour le retour de votre article. Les frais d\u2019exp\u00e9dition ne sont pas remboursables.<\/p><p>Si vous avez re\u00e7u un produit endommag\u00e9 ou que les items re\u00e7us ne correspondent pas \u00e0 la commande que vous avez effectu\u00e9e, veuillez nous contacter \u00e0 <a href=\"mailto:sa***@**********in.com\" data-original-string=\"Za01P5uzPanI0bMvbegAtQ==d55pV0s6HVq09hOx01LA19c6ZeMuUv8OhD+hMLeRTKTHPE=\" title=\"This contact has been encoded by Anti-Spam by CleanTalk. Click to decode. To finish the decoding make sure that JavaScript is enabled in your browser.\"><span \n                data-original-string='4psFMqPybCN3Dhs7H3Xguw==d55pZrKNCNpWM6F5zNrxPxvbfdpTTaiWZ4uBJZv42074jQ='\n                class='apbct-email-encoder'\n                title='This contact has been encoded by Anti-Spam by CleanTalk. Click to decode. To finish the decoding make sure that JavaScript is enabled in your browser.'>sa<span class=\"apbct-blur\">***<\/span>@<span class=\"apbct-blur\">**********<\/span>in.com<\/span><\/a>.<\/p><p>Nous ne pouvons reprendre des produits d\u00e9j\u00e0 utilis\u00e9s ou d\u00e9j\u00e0 ouverts.<\/p>\t\t\t\t\t\t\t\t<\/div>\n\t\t\t\t<\/div>\n\t\t\t\t<div class=\"elementor-element elementor-element-c50d730 elementor-widget elementor-widget-text-editor\" data-id=\"c50d730\" data-element_type=\"widget\" data-e-type=\"widget\" data-widget_type=\"text-editor.default\">\n\t\t\t\t<div class=\"elementor-widget-container\">\n\t\t\t\t\t\t\t\t\t<h3>Besoin d&#8217;aide?<\/h3><p><span dir=\"ltr\" role=\"presentation\">Contactez-nous \u00e0<\/span> <a href=\"mailto:sa***@**********in.com\" data-original-string=\"npP4ozq4M19rRKSwyFe+mA==d55YryDuZjwNz+Q4mZ4ArJ7Ir\/WmttrxCamzlDWb\/Gbpik=\" title=\"This contact has been encoded by Anti-Spam by CleanTalk. Click to decode. To finish the decoding make sure that JavaScript is enabled in your browser.\"><span dir=\"ltr\" role=\"presentation\"><span \n                data-original-string='lY9QeGbGD+5Z6OxxhWLTkg==d55\/w+npSvxs\/7KMstXnCIx54lU9iTA0F8POvgh73l7JOw='\n                class='apbct-email-encoder'\n                title='This contact has been encoded by Anti-Spam by CleanTalk. Click to decode. To finish the decoding make sure that JavaScript is enabled in your browser.'>sa<span class=\"apbct-blur\">***<\/span>@<span class=\"apbct-blur\">***********<\/span>ne.com<\/span><\/span><\/a> <span dir=\"ltr\" role=\"presentation\">pour toute question relative aux remboursements <\/span><span dir=\"ltr\" role=\"presentation\">et aux retours.<\/span><\/p>\t\t\t\t\t\t\t\t<\/div>\n\t\t\t\t<\/div>\n\t\t\t\t\t<\/div>\n\t\t<\/div>\n\t\t\t\t\t<\/div>\n\t\t<\/section>\n\t\t\t\t<\/div>\n\t\t","protected":false},"excerpt":{"rendered":"<p>Alpha Keratin Livraison et retour Les produits seront livr\u00e9s \u00e0 l&#8217;adresse indiqu\u00e9e par l&#8217;acheteur dans le formulaire d&#8217;information qu&#8217;il a rempli lors du paiement. En cas de changement d&#8217;adresse, il appartient \u00e0 l&#8217;Acheteur de proc\u00e9der au changement de l&#8217;adresse de [&hellip;]<\/p>\n","protected":false},"author":1,"featured_media":0,"parent":0,"menu_order":0,"comment_status":"closed","ping_status":"closed","template":"","meta":{"footnotes":""},"class_list":["post-6987","page","type-page","status-publish","hentry"],"_links":{"self":[{"href":"https:\/\/alphakeratine.com\/fr\/wp-json\/wp\/v2\/pages\/6987","targetHints":{"allow":["GET"]}}],"collection":[{"href":"https:\/\/alphakeratine.com\/fr\/wp-json\/wp\/v2\/pages"}],"about":[{"href":"https:\/\/alphakeratine.com\/fr\/wp-json\/wp\/v2\/types\/page"}],"author":[{"embeddable":true,"href":"https:\/\/alphakeratine.com\/fr\/wp-json\/wp\/v2\/users\/1"}],"replies":[{"embeddable":true,"href":"https:\/\/alphakeratine.com\/fr\/wp-json\/wp\/v2\/comments?post=6987"}],"version-history":[{"count":0,"href":"https:\/\/alphakeratine.com\/fr\/wp-json\/wp\/v2\/pages\/6987\/revisions"}],"wp:attachment":[{"href":"https:\/\/alphakeratine.com\/fr\/wp-json\/wp\/v2\/media?parent=6987"}],"curies":[{"name":"wp","href":"https:\/\/api.w.org\/{rel}","templated":true}]}}