{"id":6808,"date":"2022-07-24T12:11:29","date_gmt":"2022-07-24T16:11:29","guid":{"rendered":"https:\/\/alphakeratine.com\/?post_type=product&#038;p=6808"},"modified":"2025-07-20T17:55:56","modified_gmt":"2025-07-20T21:55:56","slug":"daily-shampoo-daily-conditioner-500ml-each","status":"publish","type":"product","link":"https:\/\/alphakeratine.com\/fr\/product\/daily-shampoo-daily-conditioner-500ml-each\/","title":{"rendered":"Duo Shampoing &#038; Apr\u00e8s-Shampoing Quotidien \u2013 Soin Post-Traitement Sans Sulfate De Sodium"},"content":{"rendered":"<h1>\u2728 Duo Shampoing &amp; Apr\u00e8s-Shampoing Quotidien<\/h1>\n<h3>\ud83c\udf3f Soin post-traitement <strong>sans chlorure de sodium<\/strong> \u2013 Id\u00e9al apr\u00e8s traitement<\/h3>\n<h5><strong>Prenez soin de vos cheveux trait\u00e9s avec ce duo quotidien sp\u00e9cialement formul\u00e9 pour prolonger les effets de votre traitement \u00e0 la k\u00e9ratine. Gr\u00e2ce \u00e0 sa formule sans chlorure de sodium, ce combo nettoie en douceur, hydrate en profondeur et pr\u00e9serve l\u2019\u00e9clat naturel des cheveux.<\/strong><\/h5>\n<h5><strong>Enrichi d\u2019un complexe hydratant exclusif, il restaure l\u2019hydratation essentielle, pr\u00e9vient l\u2019accumulation de r\u00e9sidus et prot\u00e8ge la brillance. Les agents lissants aident \u00e0 maintenir une texture soyeuse et ma\u00eetris\u00e9e, lavage apr\u00e8s lavage.<\/strong><\/h5>\n<blockquote>\n<h5><strong>\ud83d\udd01 Parfait pour un usage quotidien, il prolonge durablement la beaut\u00e9 de vos cheveux tout en les gardant sains, doux et brillants.<\/strong><\/h5>\n<\/blockquote>\n<h4>\ud83d\udca7 Bienfaits cl\u00e9s :<\/h4>\n<ul>\n<li>\u2714\ufe0f <strong>Formule sans chlorure de sodium \u2013 ne compromet pas les traitements<\/strong><\/li>\n<li>\u2714\ufe0f <strong>Hydratation intense, sans r\u00e9sidus<\/strong><\/li>\n<li>\u2714\ufe0f <strong>Pr\u00e9serve la brillance, la souplesse et la douceur<\/strong><\/li>\n<li>\u2714\ufe0f <strong>Convient aux cheveux trait\u00e9s \u00e0 la k\u00e9ratine ou chimiquement<\/strong><\/li>\n<li>\u2714\ufe0f <strong>Id\u00e9al pour une utilisation quotidienne<\/strong><\/li>\n<\/ul>\n","protected":false},"excerpt":{"rendered":"<h4>Duo id\u00e9al pour l\u2019entretien quotidien des cheveux trait\u00e9s \u00e0 la k\u00e9ratine&amp;Prot\u00e9ine. Nettoie, hydrate et prot\u00e8ge sans agresser, gr\u00e2ce \u00e0 une formule sans sel qui pr\u00e9serve la douceur, la brillance et la sant\u00e9 des cheveux.<\/h4>\n","protected":false},"featured_media":7315,"comment_status":"closed","ping_status":"closed","template":"","meta":[],"product_brand":[],"product_cat":[88,41],"product_tag":[437,442,443,438,445,446,439,440,436,435,441,444],"class_list":{"0":"post-6808","1":"product","2":"type-product","3":"status-publish","4":"has-post-thumbnail","6":"product_cat-produits-apres-traitements","7":"product_cat-shampoing-revitalisant","8":"product_tag-apres-shampooing-sans-sulfate-de-sodium","9":"product_tag-cheveux-brillants","10":"product_tag-cheveux-doux-et-lisses","11":"product_tag-cheveux-traites-chimiquement","12":"product_tag-duo-capillaire-professionnel","13":"product_tag-duo-shampooing-et-apres-shampooing-duo-shampooing-et-apres-shampooing","14":"product_tag-entretien-keratine","15":"product_tag-hydratation-cheveux","16":"product_tag-shampooing-sans-sulfate-de-sodium","17":"product_tag-soin-post-keratine","18":"product_tag-soin-quotidien-cheveux","19":"product_tag-soin-sans-sulfates","21":"first","22":"instock","23":"sale","24":"featured","25":"taxable","26":"shipping-taxable","27":"purchasable","28":"product-type-simple"},"_links":{"self":[{"href":"https:\/\/alphakeratine.com\/fr\/wp-json\/wp\/v2\/product\/6808","targetHints":{"allow":["GET"]}}],"collection":[{"href":"https:\/\/alphakeratine.com\/fr\/wp-json\/wp\/v2\/product"}],"about":[{"href":"https:\/\/alphakeratine.com\/fr\/wp-json\/wp\/v2\/types\/product"}],"replies":[{"embeddable":true,"href":"https:\/\/alphakeratine.com\/fr\/wp-json\/wp\/v2\/comments?post=6808"}],"version-history":[{"count":0,"href":"https:\/\/alphakeratine.com\/fr\/wp-json\/wp\/v2\/product\/6808\/revisions"}],"wp:featuredmedia":[{"embeddable":true,"href":"https:\/\/alphakeratine.com\/fr\/wp-json\/wp\/v2\/media\/7315"}],"wp:attachment":[{"href":"https:\/\/alphakeratine.com\/fr\/wp-json\/wp\/v2\/media?parent=6808"}],"wp:term":[{"taxonomy":"product_brand","embeddable":true,"href":"https:\/\/alphakeratine.com\/fr\/wp-json\/wp\/v2\/product_brand?post=6808"},{"taxonomy":"product_cat","embeddable":true,"href":"https:\/\/alphakeratine.com\/fr\/wp-json\/wp\/v2\/product_cat?post=6808"},{"taxonomy":"product_tag","embeddable":true,"href":"https:\/\/alphakeratine.com\/fr\/wp-json\/wp\/v2\/product_tag?post=6808"}],"curies":[{"name":"wp","href":"https:\/\/api.w.org\/{rel}","templated":true}]}}