{"id":7150,"date":"2022-08-16T21:20:04","date_gmt":"2022-08-17T01:20:04","guid":{"rendered":"https:\/\/alphakeratine.com\/?post_type=product&#038;p=7150"},"modified":"2025-07-07T09:41:46","modified_gmt":"2025-07-07T13:41:46","slug":"shampoing-purifiant-purifying-shampoo","status":"publish","type":"product","link":"https:\/\/alphakeratine.com\/fr\/product\/shampoing-purifiant-purifying-shampoo\/","title":{"rendered":"Shampoing Purifiant Avant Traitement \u2013 | 1 Litre"},"content":{"rendered":"<h1 data-start=\"307\" data-end=\"380\"><strong data-start=\"311\" data-end=\"380\">Shampoing Clarifiant Pr\u00e9-Traitement \u2013 | 1 Litre<\/strong><\/h1>\n<h5 data-start=\"382\" data-end=\"712\">Le <strong data-start=\"385\" data-end=\"422\">Shampoing Pr\u00e9-Traitement K\u00e9ratine<\/strong> est un soin capillaire <strong data-start=\"446\" data-end=\"507\">sp\u00e9cialement con\u00e7u pour les professionnels de la coiffure<\/strong>, \u00e0 utiliser <strong data-start=\"520\" data-end=\"557\">avant un traitement \u00e0 la k\u00e9ratine<\/strong>. Ce shampoing clarifiant professionnel joue un r\u00f4le essentiel dans la r\u00e9ussite du lissage br\u00e9silien ou de tout autre <strong data-start=\"675\" data-end=\"711\">traitement lissant \u00e0 la k\u00e9ratine<\/strong>.<\/h5>\n<h5 data-start=\"714\" data-end=\"1086\">Gr\u00e2ce \u00e0 sa <strong data-start=\"725\" data-end=\"760\">formule puissante et purifiante<\/strong>, il nettoie les cheveux en profondeur, \u00e9liminant toutes les impuret\u00e9s, les r\u00e9sidus de produits coiffants, la pollution, l\u2019exc\u00e8s de s\u00e9bum et les d\u00e9p\u00f4ts min\u00e9raux. Ce nettoyage en profondeur permet de <strong data-start=\"959\" data-end=\"1016\">d\u00e9barrasser la fibre capillaire de toute accumulation<\/strong>, afin d\u2019optimiser les effets du traitement k\u00e9ratine appliqu\u00e9 ensuite.<\/h5>\n<h5 data-start=\"1088\" data-end=\"1422\">Ce <strong data-start=\"1091\" data-end=\"1129\">shampoing clarifiant professionnel<\/strong> est con\u00e7u pour <strong data-start=\"1145\" data-end=\"1177\">ouvrir la cuticule du cheveu<\/strong>, ce qui permet une <strong data-start=\"1197\" data-end=\"1237\">meilleure p\u00e9n\u00e9tration de la k\u00e9ratine<\/strong> et garantit un r\u00e9sultat plus durable, plus uniforme et plus efficace. Il cr\u00e9e les conditions id\u00e9ales pour un <strong data-start=\"1347\" data-end=\"1366\">lissage parfait<\/strong>, avec des cheveux doux, brillants et faciles \u00e0 coiffer.<\/h5>\n<h3 data-start=\"1424\" data-end=\"1450\">\u2705 <strong data-start=\"1430\" data-end=\"1450\">Avantages cl\u00e9s :<\/strong><\/h3>\n<ul data-start=\"1451\" data-end=\"1707\">\n<li data-start=\"1451\" data-end=\"1504\">\n<p data-start=\"1453\" data-end=\"1504\">\u00c9limine les impuret\u00e9s et l\u2019accumulation de produits<\/p>\n<\/li>\n<li data-start=\"1505\" data-end=\"1554\">\n<p data-start=\"1507\" data-end=\"1554\">Pr\u00e9pare les cheveux au traitement \u00e0 la k\u00e9ratine<\/p>\n<\/li>\n<li data-start=\"1555\" data-end=\"1604\">\n<p data-start=\"1557\" data-end=\"1604\">Ouvre la cuticule pour une meilleure absorption<\/p>\n<\/li>\n<li data-start=\"1605\" data-end=\"1666\">\n<p data-start=\"1607\" data-end=\"1666\">Formule professionnelle, id\u00e9ale pour les salons de coiffure<\/p>\n<\/li>\n<li data-start=\"1667\" data-end=\"1707\">\n<p data-start=\"1669\" data-end=\"1707\">R\u00e9sultat lisse, soyeux et longue dur\u00e9e<\/p>\n<\/li>\n<\/ul>\n<p data-start=\"1709\" data-end=\"1881\">Ce shampoing est un <strong data-start=\"1729\" data-end=\"1782\">indispensable avant tout traitement \u00e0 la k\u00e9ratine<\/strong> : il assure que le cheveu est parfaitement propre et r\u00e9ceptif, ce qui maximise les effets du soin.<\/p>\n<p data-start=\"1883\" data-end=\"1960\">\ud83d\udd2c <strong data-start=\"1886\" data-end=\"1923\">Usage r\u00e9serv\u00e9 aux professionnels.<\/strong><br data-start=\"1923\" data-end=\"1926\" \/>\ud83d\udce6 <strong data-start=\"1929\" data-end=\"1960\">Format \u00e9conomique : 1 Litre<\/strong><\/p>\n<p>&nbsp;<\/p>\n","protected":false},"excerpt":{"rendered":"<h4>Shampoing clarifiant professionnel con\u00e7u pour pr\u00e9parer les cheveux avant un traitement \u00e0 la k\u00e9ratine. Il nettoie en profondeur, \u00e9limine les r\u00e9sidus et ouvre la cuticule pour une meilleure absorption du soin. Id\u00e9al pour un lissage parfait et durable.<\/h4>\n","protected":false},"featured_media":7151,"comment_status":"closed","ping_status":"closed","template":"","meta":[],"product_brand":[],"product_cat":[41,35],"product_tag":[485,487,120,486,484,491,481,488,490,477,479,478,483,489,480,482,271],"class_list":{"0":"post-7150","1":"product","2":"type-product","3":"status-publish","4":"has-post-thumbnail","6":"product_cat-shampoing-revitalisant","7":"product_cat-traitements-lissants-hydratants","8":"product_tag-cheveux-prets-keratine","9":"product_tag-keratine-avant-apres","10":"product_tag-lissage-bresilien","11":"product_tag-nettoyant-cheveux-profond","12":"product_tag-ouverture-cuticule-cheveux","13":"product_tag-ouverture-cuticules-nettoyage-intense","14":"product_tag-preparation-traitement-keratine","15":"product_tag-shampoing-1-litre","16":"product_tag-shampoing-avant-keratine","17":"product_tag-shampoing-clarifiant","18":"product_tag-shampoing-keratine-professionnel","19":"product_tag-shampoing-pre-traitement-keratine","20":"product_tag-shampoing-professionnel","21":"product_tag-shampoing-usage-salon","22":"product_tag-soin-capillaire-keratine","23":"product_tag-soin-lissant-cheveux","24":"product_tag-traitement-capillaire-professionnel","26":"first","27":"instock","28":"sale","29":"taxable","30":"shipping-taxable","31":"purchasable","32":"product-type-simple"},"_links":{"self":[{"href":"https:\/\/alphakeratine.com\/fr\/wp-json\/wp\/v2\/product\/7150","targetHints":{"allow":["GET"]}}],"collection":[{"href":"https:\/\/alphakeratine.com\/fr\/wp-json\/wp\/v2\/product"}],"about":[{"href":"https:\/\/alphakeratine.com\/fr\/wp-json\/wp\/v2\/types\/product"}],"replies":[{"embeddable":true,"href":"https:\/\/alphakeratine.com\/fr\/wp-json\/wp\/v2\/comments?post=7150"}],"version-history":[{"count":0,"href":"https:\/\/alphakeratine.com\/fr\/wp-json\/wp\/v2\/product\/7150\/revisions"}],"wp:featuredmedia":[{"embeddable":true,"href":"https:\/\/alphakeratine.com\/fr\/wp-json\/wp\/v2\/media\/7151"}],"wp:attachment":[{"href":"https:\/\/alphakeratine.com\/fr\/wp-json\/wp\/v2\/media?parent=7150"}],"wp:term":[{"taxonomy":"product_brand","embeddable":true,"href":"https:\/\/alphakeratine.com\/fr\/wp-json\/wp\/v2\/product_brand?post=7150"},{"taxonomy":"product_cat","embeddable":true,"href":"https:\/\/alphakeratine.com\/fr\/wp-json\/wp\/v2\/product_cat?post=7150"},{"taxonomy":"product_tag","embeddable":true,"href":"https:\/\/alphakeratine.com\/fr\/wp-json\/wp\/v2\/product_tag?post=7150"}],"curies":[{"name":"wp","href":"https:\/\/api.w.org\/{rel}","templated":true}]}}