{"id":7154,"date":"2022-08-16T21:30:15","date_gmt":"2022-08-17T01:30:15","guid":{"rendered":"https:\/\/alphakeratine.com\/?post_type=product&#038;p=7154"},"modified":"2025-07-20T17:27:49","modified_gmt":"2025-07-20T21:27:49","slug":"argania-gold-hair-serum-serum-pour-cheveux","status":"publish","type":"product","link":"https:\/\/alphakeratine.com\/fr\/product\/argania-gold-hair-serum-serum-pour-cheveux\/","title":{"rendered":"S\u00e9rum Capillaire Argania Gold \u2013 R\u00e9parateur L\u00e9ger &#038; Brillance Instantan\u00e9e"},"content":{"rendered":"<h1 data-start=\"871\" data-end=\"1206\">S\u00e9rum Capillaire Argania Gold \u2013 R\u00e9parateur L\u00e9ger &amp; Brillance Instantan\u00e9e<\/h1>\n<h5 data-start=\"871\" data-end=\"1206\">Id\u00e9al pour tous les types de cheveux, y compris les cheveux trait\u00e9s chimiquement ou tr\u00e8s ab\u00eem\u00e9s, il r\u00e9duit le temps de s\u00e9chage jusqu\u2019\u00e0 50 %, rendant votre routine capillaire plus rapide et plus efficace. Ses puissants antioxydants et agents nourrissants prot\u00e8gent les cheveux contre les agressions ext\u00e9rieures et les outils chauffants.<\/h5>\n<h5 data-start=\"1208\" data-end=\"1363\">Utilis\u00e9 quotidiennement, il lisse les cheveux, r\u00e9duit les frisottis, favorise une croissance capillaire saine, et apporte une brillance soyeuse et durable.<\/h5>\n<p data-start=\"1365\" data-end=\"1734\"><strong data-start=\"1365\" data-end=\"1385\">Bienfaits cl\u00e9s :<\/strong><br data-start=\"1385\" data-end=\"1388\" \/>\ud83d\udcaa R\u00e9pare et renforce les cheveux secs, cassants et frisott\u00e9s<br data-start=\"1449\" data-end=\"1452\" \/>\ud83c\udf3f Formule l\u00e9g\u00e8re, non grasse, sans accumulation<br data-start=\"1500\" data-end=\"1503\" \/>\u23f3 R\u00e9duit le temps de s\u00e9chage de 40 \u00e0 50 %<br data-start=\"1544\" data-end=\"1547\" \/>\ud83d\udee1\ufe0f Prot\u00e8ge des dommages caus\u00e9s par la chaleur et l\u2019environnement<br data-start=\"1612\" data-end=\"1615\" \/>\ud83c\udf31 Favorise la pousse de cheveux plus forts et plus sains<br data-start=\"1672\" data-end=\"1675\" \/>\u2728 Laisse les cheveux doux, brillants et faciles \u00e0 coiffer<\/p>\n","protected":false},"excerpt":{"rendered":"<h4 data-start=\"347\" data-end=\"502\">Le s\u00e9rum Argania Gold r\u00e9pare, adoucit et renforce les cheveux secs et ab\u00eem\u00e9s. Sa formule l\u00e9g\u00e8re sans r\u00e9sidu r\u00e9duit le temps de s\u00e9chage et laisse les cheveux lisses et brillants.<\/h4>\n","protected":false},"featured_media":7155,"comment_status":"closed","ping_status":"closed","template":"","meta":[],"product_brand":[],"product_cat":[32,88],"product_tag":[459,451,461,382,457,455,456,460,464,462,463,458],"class_list":{"0":"post-7154","1":"product","2":"type-product","3":"status-publish","4":"has-post-thumbnail","6":"product_cat-argan","7":"product_cat-produits-apres-traitements","8":"product_tag-anti-frisottis-naturel","9":"product_tag-brillance-cheveux","10":"product_tag-pousse-cheveux-naturelle","11":"product_tag-protection-chaleur-cheveux","12":"product_tag-reparation-cheveux-secs","13":"product_tag-serum-argania-gold","14":"product_tag-serum-cheveux-huile-dargan","15":"product_tag-serum-leger-non-gras","16":"product_tag-serum-pour-cheveux-traites-chimiquement","17":"product_tag-soin-capillaire-sans-residu","18":"product_tag-soin-cheveux-abimes","19":"product_tag-soin-cheveux-cassants","21":"first","22":"instock","23":"sale","24":"taxable","25":"shipping-taxable","26":"purchasable","27":"product-type-simple"},"_links":{"self":[{"href":"https:\/\/alphakeratine.com\/fr\/wp-json\/wp\/v2\/product\/7154","targetHints":{"allow":["GET"]}}],"collection":[{"href":"https:\/\/alphakeratine.com\/fr\/wp-json\/wp\/v2\/product"}],"about":[{"href":"https:\/\/alphakeratine.com\/fr\/wp-json\/wp\/v2\/types\/product"}],"replies":[{"embeddable":true,"href":"https:\/\/alphakeratine.com\/fr\/wp-json\/wp\/v2\/comments?post=7154"}],"version-history":[{"count":0,"href":"https:\/\/alphakeratine.com\/fr\/wp-json\/wp\/v2\/product\/7154\/revisions"}],"wp:featuredmedia":[{"embeddable":true,"href":"https:\/\/alphakeratine.com\/fr\/wp-json\/wp\/v2\/media\/7155"}],"wp:attachment":[{"href":"https:\/\/alphakeratine.com\/fr\/wp-json\/wp\/v2\/media?parent=7154"}],"wp:term":[{"taxonomy":"product_brand","embeddable":true,"href":"https:\/\/alphakeratine.com\/fr\/wp-json\/wp\/v2\/product_brand?post=7154"},{"taxonomy":"product_cat","embeddable":true,"href":"https:\/\/alphakeratine.com\/fr\/wp-json\/wp\/v2\/product_cat?post=7154"},{"taxonomy":"product_tag","embeddable":true,"href":"https:\/\/alphakeratine.com\/fr\/wp-json\/wp\/v2\/product_tag?post=7154"}],"curies":[{"name":"wp","href":"https:\/\/api.w.org\/{rel}","templated":true}]}}