{"id":7588,"date":"2022-09-04T18:00:42","date_gmt":"2022-09-04T22:00:42","guid":{"rendered":"https:\/\/alphakeratine.com\/?post_type=product&#038;p=7588"},"modified":"2025-07-22T13:40:12","modified_gmt":"2025-07-22T17:40:12","slug":"kit-2-alpha-keratin-platine-shampoing-purifiant","status":"publish","type":"product","link":"https:\/\/alphakeratine.com\/fr\/product\/kit-2-alpha-keratin-platine-shampoing-purifiant\/","title":{"rendered":"KIT-2   Alpha Platine Proteine Bio \u2013 Soin Lissant R\u00e9parateur Sans Formol"},"content":{"rendered":"<h1>Alpha Platine Proteine Bio \u2013 Soin Lissant R\u00e9parateur Sans Formol<\/h1>\n<h5><strong>Alpha Keratin Platine Bio est un soin capillaire professionnel con\u00e7u pour les cheveux fatigu\u00e9s, ab\u00eem\u00e9s ou d\u00e9vitalis\u00e9s. Sa formule 100% sans formol associe des fibres r\u00e9paratrices, des prot\u00e9ines fortifiantes et des extraits v\u00e9g\u00e9taux puissants comme l\u2019argan, le cacao et l\u2019a\u00e7a\u00ef.<\/strong><\/h5>\n<h3>\ud83c\udf3f\u00a0Technologie Capillaire Avanc\u00e9e<\/h3>\n<h5><strong>Gr\u00e2ce \u00e0 une synergie unique d\u2019ingr\u00e9dients naturels, ce traitement r\u00e9pare la structure interne du cheveu tout en procurant un effet lissant naturel, sans agression chimique.<\/strong><\/h5>\n<ul>\n<li>\u2714\ufe0f\u00a0R\u00e9sultats visibles d\u00e8s la premi\u00e8re application<\/li>\n<li>\u2714\ufe0f\u00a0Lissage souple, hydratation intense et \u00e9clat instantan\u00e9<\/li>\n<li>\u2714\ufe0f\u00a0Convient aux cheveux fins, ondul\u00e9s, fris\u00e9s ou tr\u00e8s ab\u00eem\u00e9s<\/li>\n<li>\u2714\ufe0f\u00a0Sans formol, sans irritation, sans danger<\/li>\n<li>\u2714\ufe0f\u00a0APPLICATION RAPIDE \u2013 PAS DE TEMPS DE PAUSE REQUIS<\/li>\n<\/ul>\n<h3>\ud83c\udf38\u00a0Composition Naturelle<\/h3>\n<ul>\n<li>0% FORMALD\u00c9HYDE<\/li>\n<li>HUILE D\u2019ARGAN<\/li>\n<li>EXTRAITS DE CACAO &amp; ACAI<\/li>\n<li>FIBRES R\u00c9PARATRICES &amp; PROT\u00c9INES<\/li>\n<\/ul>\n<p><strong>\u2705\u00a0R\u00e9serv\u00e9 \u00e0 un usage professionnel.<\/strong><\/p>\n<h3>\ud83d\udce6 Le kit contient :<\/h3>\n<ul>\n<li><strong>1 Litre de ALPHA PLATINE<\/strong><\/li>\n<li><strong>1 Litre de Shampoing Purifiant<\/strong><\/li>\n<\/ul>\n","protected":false},"excerpt":{"rendered":"<h4>Alpha Keratine Platine Bio est un reconstructeur r\u00e9volutionnaire qui traite les cheveux\u00a0 ayant besoin de soins. Sa\u00a0formule\u00a0 est con\u00e7ue pour redonner \u00e0 vos cheveux leur brillance, leur force et leur beaut\u00e9 naturelles. En restaurant les niveaux de k\u00e9ratine \u00e9puis\u00e9s, elle r\u00e9vitalise l\u2019apparence de vos cheveux et transforme les boucles s\u00e8ches et ab\u00eem\u00e9es en une chevelure luxueuse et brillante dont vous r\u00eaviez.<\/h4>\n","protected":false},"featured_media":8087,"comment_status":"closed","ping_status":"closed","template":"","meta":[],"product_brand":[],"product_cat":[103,35],"product_tag":[185,130,121,401,125,135,396,395,384,398,402,399,400,397,403,492,394],"class_list":{"0":"post-7588","1":"product","2":"type-product","3":"status-publish","4":"has-post-thumbnail","6":"product_cat-kits","7":"product_cat-traitements-lissants-hydratants","8":"product_tag-anti-frisottis","9":"product_tag-cheveux-abimes","10":"product_tag-cheveux-blonds","11":"product_tag-cheveux-frises","12":"product_tag-cheveux-meches","13":"product_tag-keratine-bio","14":"product_tag-kit-keratine","15":"product_tag-kit-lissage-bio","16":"product_tag-lissage-cheveux","17":"product_tag-lissage-sans-formol","18":"product_tag-reduction-volume-cheveux","19":"product_tag-shampooing-purifiant","20":"product_tag-soin-capillaire","21":"product_tag-soin-cheveux","22":"product_tag-soin-cheveux-naturels","23":"product_tag-soin-lissant-reparateur-sans-formol","24":"product_tag-traitement-lissage-professionnel","26":"first","27":"instock","28":"sale","29":"taxable","30":"shipping-taxable","31":"purchasable","32":"product-type-simple"},"_links":{"self":[{"href":"https:\/\/alphakeratine.com\/fr\/wp-json\/wp\/v2\/product\/7588","targetHints":{"allow":["GET"]}}],"collection":[{"href":"https:\/\/alphakeratine.com\/fr\/wp-json\/wp\/v2\/product"}],"about":[{"href":"https:\/\/alphakeratine.com\/fr\/wp-json\/wp\/v2\/types\/product"}],"replies":[{"embeddable":true,"href":"https:\/\/alphakeratine.com\/fr\/wp-json\/wp\/v2\/comments?post=7588"}],"version-history":[{"count":0,"href":"https:\/\/alphakeratine.com\/fr\/wp-json\/wp\/v2\/product\/7588\/revisions"}],"wp:featuredmedia":[{"embeddable":true,"href":"https:\/\/alphakeratine.com\/fr\/wp-json\/wp\/v2\/media\/8087"}],"wp:attachment":[{"href":"https:\/\/alphakeratine.com\/fr\/wp-json\/wp\/v2\/media?parent=7588"}],"wp:term":[{"taxonomy":"product_brand","embeddable":true,"href":"https:\/\/alphakeratine.com\/fr\/wp-json\/wp\/v2\/product_brand?post=7588"},{"taxonomy":"product_cat","embeddable":true,"href":"https:\/\/alphakeratine.com\/fr\/wp-json\/wp\/v2\/product_cat?post=7588"},{"taxonomy":"product_tag","embeddable":true,"href":"https:\/\/alphakeratine.com\/fr\/wp-json\/wp\/v2\/product_tag?post=7588"}],"curies":[{"name":"wp","href":"https:\/\/api.w.org\/{rel}","templated":true}]}}